{"id":4135,"date":"2025-01-27T13:54:09","date_gmt":"2025-01-27T13:54:09","guid":{"rendered":"https:\/\/new.omg-agency.hr\/?page_id=4135"},"modified":"2025-01-28T09:57:32","modified_gmt":"2025-01-28T09:57:32","slug":"vijcana-roba","status":"publish","type":"page","link":"https:\/\/new.omg-agency.hr\/?page_id=4135","title":{"rendered":"VIJ\u010cANA ROBA"},"content":{"rendered":"\t\t<div data-elementor-type=\"wp-page\" data-elementor-id=\"4135\" class=\"elementor elementor-4135\">\n\t\t\t\t\t\t<section class=\"elementor-section elementor-top-section elementor-element elementor-element-516f91f elementor-full-width content-max-width elementor-section-height-min-height light-section inherit-header-color elementor-section-height-default elementor-section-items-middle\" data-id=\"516f91f\" data-element_type=\"section\" data-settings=\"{&quot;background_background&quot;:&quot;classic&quot;}\">\n\t\t\t\t\t\t\t<div class=\"elementor-background-overlay\"><\/div>\n\t\t\t\t\t\t\t<div class=\"elementor-container elementor-column-gap-no\">\n\t\t\t\t\t<div class=\"elementor-column elementor-col-33 elementor-top-column elementor-element elementor-element-15d6e6b3\" data-id=\"15d6e6b3\" data-element_type=\"column\" data-settings=\"{&quot;background_background&quot;:&quot;classic&quot;}\">\n\t\t\t<div class=\"elementor-widget-wrap\">\n\t\t\t\t\t\t\t<\/div>\n\t\t<\/div>\n\t\t\t\t<div class=\"elementor-column elementor-col-33 elementor-top-column elementor-element elementor-element-fd40c63\" data-id=\"fd40c63\" data-element_type=\"column\">\n\t\t\t<div class=\"elementor-widget-wrap elementor-element-populated\">\n\t\t\t\t\t\t<div class=\"elementor-element elementor-element-b439fe6 elementor-widget elementor-widget-spacer\" data-id=\"b439fe6\" data-element_type=\"widget\" data-widget_type=\"spacer.default\">\n\t\t\t\t<div class=\"elementor-widget-container\">\n\t\t\t<style>\/*! elementor - v3.22.0 - 26-06-2024 *\/\n.elementor-column .elementor-spacer-inner{height:var(--spacer-size)}.e-con{--container-widget-width:100%}.e-con-inner>.elementor-widget-spacer,.e-con>.elementor-widget-spacer{width:var(--container-widget-width,var(--spacer-size));--align-self:var(--container-widget-align-self,initial);--flex-shrink:0}.e-con-inner>.elementor-widget-spacer>.elementor-widget-container,.e-con>.elementor-widget-spacer>.elementor-widget-container{height:100%;width:100%}.e-con-inner>.elementor-widget-spacer>.elementor-widget-container>.elementor-spacer,.e-con>.elementor-widget-spacer>.elementor-widget-container>.elementor-spacer{height:100%}.e-con-inner>.elementor-widget-spacer>.elementor-widget-container>.elementor-spacer>.elementor-spacer-inner,.e-con>.elementor-widget-spacer>.elementor-widget-container>.elementor-spacer>.elementor-spacer-inner{height:var(--container-widget-height,var(--spacer-size))}.e-con-inner>.elementor-widget-spacer.elementor-widget-empty,.e-con>.elementor-widget-spacer.elementor-widget-empty{position:relative;min-height:22px;min-width:22px}.e-con-inner>.elementor-widget-spacer.elementor-widget-empty .elementor-widget-empty-icon,.e-con>.elementor-widget-spacer.elementor-widget-empty .elementor-widget-empty-icon{position:absolute;top:0;bottom:0;left:0;right:0;margin:auto;padding:0;width:22px;height:22px}<\/style>\t\t<div class=\"elementor-spacer\">\n\t\t\t<div class=\"elementor-spacer-inner\"><\/div>\n\t\t<\/div>\n\t\t\t\t<\/div>\n\t\t\t\t<\/div>\n\t\t\t\t<div class=\"elementor-element elementor-element-63c73ab elementor-widget elementor-widget-text-editor\" data-id=\"63c73ab\" data-element_type=\"widget\" data-widget_type=\"text-editor.default\">\n\t\t\t\t<div class=\"elementor-widget-container\">\n\t\t\t<style>\/*! elementor - v3.22.0 - 26-06-2024 *\/\n.elementor-widget-text-editor.elementor-drop-cap-view-stacked .elementor-drop-cap{background-color:#69727d;color:#fff}.elementor-widget-text-editor.elementor-drop-cap-view-framed .elementor-drop-cap{color:#69727d;border:3px solid;background-color:transparent}.elementor-widget-text-editor:not(.elementor-drop-cap-view-default) .elementor-drop-cap{margin-top:8px}.elementor-widget-text-editor:not(.elementor-drop-cap-view-default) .elementor-drop-cap-letter{width:1em;height:1em}.elementor-widget-text-editor .elementor-drop-cap{float:left;text-align:center;line-height:1;font-size:50px}.elementor-widget-text-editor .elementor-drop-cap-letter{display:inline-block}<\/style>\t\t\t\t<p>U programu vij\u010dane robe nudimo proizvode po<strong> DIN i ISO standardu<\/strong>, vijke i spojne elemente izvan standarda, a mogu se naru\u010diti i prema specifi\u010dnim potrebama.<\/p><p>\u00a0<\/p><p>Roba je dokazano visoke kvalitete, dobavljena od renomiranih europskih tvrtki poput: Bufab, VIPA, KMT, Fischer, Index i drugih.<\/p><p>\u00a0<\/p><p>Pored klasi\u010dne vij\u010dane robe i spojnih elementi u mogu\u0107nosti smo vam ponuditi pri\u010dvrsne sisteme za drvene konstrukcije BMF.<\/p>\t\t\t\t\t\t<\/div>\n\t\t\t\t<\/div>\n\t\t\t\t<div class=\"elementor-element elementor-element-51522b6 elementor-widget elementor-widget-spacer\" data-id=\"51522b6\" data-element_type=\"widget\" data-widget_type=\"spacer.default\">\n\t\t\t\t<div class=\"elementor-widget-container\">\n\t\t\t\t\t<div class=\"elementor-spacer\">\n\t\t\t<div class=\"elementor-spacer-inner\"><\/div>\n\t\t<\/div>\n\t\t\t\t<\/div>\n\t\t\t\t<\/div>\n\t\t\t\t\t<\/div>\n\t\t<\/div>\n\t\t\t\t<div class=\"elementor-column elementor-col-33 elementor-top-column elementor-element elementor-element-37f2ff5\" data-id=\"37f2ff5\" data-element_type=\"column\">\n\t\t\t<div class=\"elementor-widget-wrap\">\n\t\t\t\t\t\t\t<\/div>\n\t\t<\/div>\n\t\t\t\t\t<\/div>\n\t\t<\/section>\n\t\t\t\t<section class=\"elementor-section elementor-top-section elementor-element elementor-element-07b7659 elementor-full-width content-max-width elementor-section-height-min-height dark-section inherit-header-color elementor-section-height-default elementor-section-items-middle\" data-id=\"07b7659\" data-element_type=\"section\" data-settings=\"{&quot;background_background&quot;:&quot;classic&quot;}\">\n\t\t\t\t\t\t\t<div class=\"elementor-background-overlay\"><\/div>\n\t\t\t\t\t\t\t<div class=\"elementor-container elementor-column-gap-no\">\n\t\t\t\t\t<div class=\"elementor-column elementor-col-33 elementor-top-column elementor-element elementor-element-3c58802\" data-id=\"3c58802\" data-element_type=\"column\" data-settings=\"{&quot;background_background&quot;:&quot;classic&quot;}\">\n\t\t\t<div class=\"elementor-widget-wrap\">\n\t\t\t\t\t\t\t<\/div>\n\t\t<\/div>\n\t\t\t\t<div class=\"elementor-column elementor-col-33 elementor-top-column elementor-element elementor-element-3b22b80\" data-id=\"3b22b80\" data-element_type=\"column\">\n\t\t\t<div class=\"elementor-widget-wrap elementor-element-populated\">\n\t\t\t\t\t\t<div class=\"elementor-element elementor-element-613af9a elementor-widget elementor-widget-spacer\" data-id=\"613af9a\" data-element_type=\"widget\" data-widget_type=\"spacer.default\">\n\t\t\t\t<div class=\"elementor-widget-container\">\n\t\t\t\t\t<div class=\"elementor-spacer\">\n\t\t\t<div class=\"elementor-spacer-inner\"><\/div>\n\t\t<\/div>\n\t\t\t\t<\/div>\n\t\t\t\t<\/div>\n\t\t\t\t<div class=\"elementor-element elementor-element-4d372c9 elementor-widget elementor-widget-spacer\" data-id=\"4d372c9\" data-element_type=\"widget\" data-widget_type=\"spacer.default\">\n\t\t\t\t<div class=\"elementor-widget-container\">\n\t\t\t\t\t<div class=\"elementor-spacer\">\n\t\t\t<div class=\"elementor-spacer-inner\"><\/div>\n\t\t<\/div>\n\t\t\t\t<\/div>\n\t\t\t\t<\/div>\n\t\t\t\t<div class=\"elementor-element elementor-element-3657886 elementor-widget elementor-widget-text-editor\" data-id=\"3657886\" data-element_type=\"widget\" data-widget_type=\"text-editor.default\">\n\t\t\t\t<div class=\"elementor-widget-container\">\n\t\t\t\t\t\t\t<p>Iz programa mo\u017eemo izdvojiti:<\/p><ul><li>vijci sa metri\u010dkim navojem (kv. 12.9, 1.9, 8.8, 5.8, Zn, A2, A4, crno ili mesingano)<\/li><li>imbus vijci<\/li><li>vijci za drvo (Zn, A2)<\/li><li>vijci za lim (Zn, A2, A4)<\/li><li>matice (kvalitete 12, 10, 8, Zn, A2, A4, crno, Ms)<\/li><li>podlo\u0161ke (\u0161iroke, opru\u017ene, sigurnosne, Zn, A2)<\/li><li>navojne \u0161ipke (du\u017eine 1m, 2m, 3m; kvalitete 8.8, 4,6, Zn, A2, crno)<\/li><li>zakovice (aluminijske, \u010deli\u010dne, bakrene, obojane)<\/li><li>zatici i klinovi<\/li><li>usko\u010dnici<\/li><li>spojna tehnika (tiple, zatezna sidra, kuke, mase i dr.)<\/li><\/ul><p>Prema zahtjevu mogu se dobaviti pripadaju\u0107i atesti za proizvode koji odgovaraju normama.<\/p>\t\t\t\t\t\t<\/div>\n\t\t\t\t<\/div>\n\t\t\t\t<div class=\"elementor-element elementor-element-9f1476a elementor-widget elementor-widget-spacer\" data-id=\"9f1476a\" data-element_type=\"widget\" data-widget_type=\"spacer.default\">\n\t\t\t\t<div class=\"elementor-widget-container\">\n\t\t\t\t\t<div class=\"elementor-spacer\">\n\t\t\t<div class=\"elementor-spacer-inner\"><\/div>\n\t\t<\/div>\n\t\t\t\t<\/div>\n\t\t\t\t<\/div>\n\t\t\t\t\t<\/div>\n\t\t<\/div>\n\t\t\t\t<div class=\"elementor-column elementor-col-33 elementor-top-column elementor-element elementor-element-50d8e18\" data-id=\"50d8e18\" data-element_type=\"column\">\n\t\t\t<div class=\"elementor-widget-wrap\">\n\t\t\t\t\t\t\t<\/div>\n\t\t<\/div>\n\t\t\t\t\t<\/div>\n\t\t<\/section>\n\t\t<div class=\"content-row-elementor elementor-element elementor-element-278d8c45 dark-section inherit-header-color full_elementor row_padding_left_elementor row_padding_right_elementor e-flex e-con-boxed e-con e-parent\" data-id=\"278d8c45\" data-element_type=\"container\">\n\t\t\t\t\t<div class=\"e-con-inner\">\n\t\t<div class=\"content-row-elementor elementor-element elementor-element-62e68705 e-con-full dark-section inherit-header-color full_elementor row_padding_left_elementor row_padding_right_elementor e-flex e-con e-child\" data-id=\"62e68705\" data-element_type=\"container\">\n\t\t\t\t<\/div>\n\t\t<div class=\"content-row-elementor elementor-element elementor-element-f59560c e-con-full dark-section inherit-header-color full_elementor row_padding_left_elementor row_padding_right_elementor e-flex e-con e-child\" data-id=\"f59560c\" data-element_type=\"container\">\n\t\t<div class=\"content-row-elementor elementor-element elementor-element-db1ba7f e-con-full dark-section inherit-header-color full_elementor row_padding_left_elementor row_padding_right_elementor e-flex e-con e-child\" data-id=\"db1ba7f\" data-element_type=\"container\">\n\t\t\t\t<div class=\"elementor-element elementor-element-3f0b003a elementor-widget elementor-widget-serano_button_link\" data-id=\"3f0b003a\" data-element_type=\"widget\" data-widget_type=\"serano_button_link.default\">\n\t\t\t\t<div class=\"elementor-widget-container\">\n\t\t\t<div class=\"button-wrap left large-btn has-animation\" data-delay=\"0\"><div class=\"icon-wrap parallax-wrap\"><div class=\"button-icon parallax-element\"><i class=\"arrow-icon-down\"><\/i><\/div><\/div><a target=\"_blank\" href=\"https:\/\/www.indexfix.com\/en\/downloads-catalogues-brochures-launches\"><div class=\"button-text sticky left\"><span data-hover=\"KATALOZI\">KATALOZI<\/span><\/div><\/a><\/div>\t\t<\/div>\n\t\t\t\t<\/div>\n\t\t\t\t<div class=\"elementor-element elementor-element-4db40bb elementor-widget elementor-widget-spacer\" data-id=\"4db40bb\" data-element_type=\"widget\" data-widget_type=\"spacer.default\">\n\t\t\t\t<div class=\"elementor-widget-container\">\n\t\t\t\t\t<div class=\"elementor-spacer\">\n\t\t\t<div class=\"elementor-spacer-inner\"><\/div>\n\t\t<\/div>\n\t\t\t\t<\/div>\n\t\t\t\t<\/div>\n\t\t\t\t<\/div>\n\t\t\t\t<\/div>\n\t\t<div class=\"content-row-elementor elementor-element elementor-element-50ef27da e-con-full dark-section inherit-header-color full_elementor row_padding_left_elementor row_padding_right_elementor e-flex e-con e-child\" data-id=\"50ef27da\" data-element_type=\"container\">\n\t\t\t\t<\/div>\n\t\t\t\t\t<\/div>\n\t\t\t\t<\/div>\n\t\t<a class=\"content-row-elementor elementor-element elementor-element-ca6c85f dark-section inherit-header-color full_elementor row_padding_left_elementor row_padding_right_elementor e-flex e-con-boxed e-con e-parent\" data-id=\"ca6c85f\" data-element_type=\"container\" data-settings=\"{&quot;background_background&quot;:&quot;classic&quot;}\" href=\"https:\/\/www.rhodius-abrasives.com\/\" target=\"_blank\">\n\t\t\t\t\t<div class=\"e-con-inner\">\n\t\t\t\t<div class=\"elementor-element elementor-element-f5de093 elementor-widget elementor-widget-serano_clients_table\" data-id=\"f5de093\" data-element_type=\"widget\" data-widget_type=\"serano_clients_table.default\">\n\t\t\t\t<div class=\"elementor-widget-container\">\n\t\t\t<ul class=\"clients-table no-borders\" data-delay=\"10\"><li class=\"link\"><a target=\"_blank\" href=\"https:\/\/www.indexfix.com\/en\/downloads-catalogues-brochures-launches\"><img decoding=\"async\" src=\"https:\/\/new.omg-agency.hr\/wp-content\/uploads\/2025\/01\/Index_logo-1.png\" alt=\"client image\" \/><\/a><\/li><li class=\"link\"><a target=\"_blank\" href=\"https:\/\/www.fischer-international.com\/en\"><img decoding=\"async\" src=\"https:\/\/new.omg-agency.hr\/wp-content\/uploads\/2025\/01\/Fischer_logo.png\" alt=\"client image\" \/><\/a><\/li><li class=\"link\"><a target=\"_blank\" href=\"https:\/\/www.bufab.com\/en\/start\"><img decoding=\"async\" src=\"https:\/\/new.omg-agency.hr\/wp-content\/uploads\/2025\/01\/BUFAB_logo.png\" alt=\"client image\" \/><\/a><\/li><li class=\"link\"><a target=\"_blank\" href=\"https:\/\/kmt.tools\/\"><img decoding=\"async\" src=\"https:\/\/new.omg-agency.hr\/wp-content\/uploads\/2025\/01\/KMT_logo.png\" alt=\"client image\" \/><\/a><\/li><\/ul>\t\t<\/div>\n\t\t\t\t<\/div>\n\t\t\t\t<div class=\"elementor-element elementor-element-b5f52e1 elementor-widget elementor-widget-spacer\" data-id=\"b5f52e1\" data-element_type=\"widget\" data-widget_type=\"spacer.default\">\n\t\t\t\t<div class=\"elementor-widget-container\">\n\t\t\t\t\t<div class=\"elementor-spacer\">\n\t\t\t<div class=\"elementor-spacer-inner\"><\/div>\n\t\t<\/div>\n\t\t\t\t<\/div>\n\t\t\t\t<\/div>\n\t\t\t\t\t<\/div>\n\t\t\t\t<\/a>\n\t\t\t\t<\/div>\n\t\t","protected":false},"excerpt":{"rendered":"<p>U programu vij\u010dane robe nudimo proizvode po DIN i ISO standardu, vijke i spojne elemente izvan standarda, a mogu se naru\u010diti i prema specifi\u010dnim potrebama. \u00a0 Roba je dokazano visoke kvalitete, dobavljena od renomiranih europskih [&hellip;]<\/p>\n","protected":false},"author":1,"featured_media":0,"parent":0,"menu_order":0,"comment_status":"closed","ping_status":"closed","template":"","meta":{"footnotes":""},"class_list":["post-4135","page","type-page","status-publish","hentry"],"_links":{"self":[{"href":"https:\/\/new.omg-agency.hr\/index.php?rest_route=\/wp\/v2\/pages\/4135","targetHints":{"allow":["GET"]}}],"collection":[{"href":"https:\/\/new.omg-agency.hr\/index.php?rest_route=\/wp\/v2\/pages"}],"about":[{"href":"https:\/\/new.omg-agency.hr\/index.php?rest_route=\/wp\/v2\/types\/page"}],"author":[{"embeddable":true,"href":"https:\/\/new.omg-agency.hr\/index.php?rest_route=\/wp\/v2\/users\/1"}],"replies":[{"embeddable":true,"href":"https:\/\/new.omg-agency.hr\/index.php?rest_route=%2Fwp%2Fv2%2Fcomments&post=4135"}],"version-history":[{"count":29,"href":"https:\/\/new.omg-agency.hr\/index.php?rest_route=\/wp\/v2\/pages\/4135\/revisions"}],"predecessor-version":[{"id":4191,"href":"https:\/\/new.omg-agency.hr\/index.php?rest_route=\/wp\/v2\/pages\/4135\/revisions\/4191"}],"wp:attachment":[{"href":"https:\/\/new.omg-agency.hr\/index.php?rest_route=%2Fwp%2Fv2%2Fmedia&parent=4135"}],"curies":[{"name":"wp","href":"https:\/\/api.w.org\/{rel}","templated":true}]}}