{"id":3960,"date":"2025-01-27T12:21:11","date_gmt":"2025-01-27T12:21:11","guid":{"rendered":"https:\/\/new.omg-agency.hr\/?page_id=3960"},"modified":"2025-01-27T13:24:12","modified_gmt":"2025-01-27T13:24:12","slug":"brusne-i-rezne-ploce","status":"publish","type":"page","link":"https:\/\/new.omg-agency.hr\/?page_id=3960","title":{"rendered":"Brusne i rezne plo\u010de"},"content":{"rendered":"\t\t<div data-elementor-type=\"wp-page\" data-elementor-id=\"3960\" class=\"elementor elementor-3960\">\n\t\t\t\t\t\t<section class=\"elementor-section elementor-top-section elementor-element elementor-element-516f91f row_padding_top row_padding_bottom elementor-full-width content-max-width elementor-section-height-min-height light-section inherit-header-color elementor-section-height-default elementor-section-items-middle\" data-id=\"516f91f\" data-element_type=\"section\" data-settings=\"{&quot;background_background&quot;:&quot;classic&quot;}\">\n\t\t\t\t\t\t\t<div class=\"elementor-background-overlay\"><\/div>\n\t\t\t\t\t\t\t<div class=\"elementor-container elementor-column-gap-no\">\n\t\t\t\t\t<div class=\"elementor-column elementor-col-33 elementor-top-column elementor-element elementor-element-15d6e6b3\" data-id=\"15d6e6b3\" data-element_type=\"column\" data-settings=\"{&quot;background_background&quot;:&quot;classic&quot;}\">\n\t\t\t<div class=\"elementor-widget-wrap\">\n\t\t\t\t\t\t\t<\/div>\n\t\t<\/div>\n\t\t\t\t<div class=\"elementor-column elementor-col-33 elementor-top-column elementor-element elementor-element-fd40c63\" data-id=\"fd40c63\" data-element_type=\"column\">\n\t\t\t<div class=\"elementor-widget-wrap elementor-element-populated\">\n\t\t\t\t\t\t<div class=\"elementor-element elementor-element-63c73ab elementor-widget elementor-widget-text-editor\" data-id=\"63c73ab\" data-element_type=\"widget\" data-widget_type=\"text-editor.default\">\n\t\t\t\t<div class=\"elementor-widget-container\">\n\t\t\t<style>\/*! elementor - v3.22.0 - 26-06-2024 *\/\n.elementor-widget-text-editor.elementor-drop-cap-view-stacked .elementor-drop-cap{background-color:#69727d;color:#fff}.elementor-widget-text-editor.elementor-drop-cap-view-framed .elementor-drop-cap{color:#69727d;border:3px solid;background-color:transparent}.elementor-widget-text-editor:not(.elementor-drop-cap-view-default) .elementor-drop-cap{margin-top:8px}.elementor-widget-text-editor:not(.elementor-drop-cap-view-default) .elementor-drop-cap-letter{width:1em;height:1em}.elementor-widget-text-editor .elementor-drop-cap{float:left;text-align:center;line-height:1;font-size:50px}.elementor-widget-text-editor .elementor-drop-cap-letter{display:inline-block}<\/style>\t\t\t\t<p>IN-VED d.o.o. je ovla\u0161teni zastupnik i distributer <strong><a href=\"https:\/\/www.rhodius-abrasives.com\/en\/\" target=\"_blank\" rel=\"noopener\">Rhodius<\/a><\/strong> abrazivnih proizvoda za podru\u010dje Hrvatske, Bosne i Hercegovine i Srbije.<\/p><p>\u00a0<\/p><p><strong>Rhodius<\/strong> je jedan od vode\u0107ih svjetskih proizvo\u0111a\u010da reznih i brusnih plo\u010da, ujedno i suosniva\u010d Organizacije za sigurnost brusnih i reznih alata &#8211; poznatije kao oSa. U usporedbi sa plo\u010dama koje se naj\u010de\u0161\u0107e koriste na na\u0161em tr\u017ei\u0161tu, Rhodius proizvodi su daleko kvalitetniji, sigurniji i dugotrajniji.<\/p><p>\u00a0<\/p><p>Brand Rhodius danas je sinonim za proizvode visoke kvalitete.<\/p><p>Kao vi\u0161estruko nagra\u0111ivano poduze\u0107e, \u010diji su se proizvodi dokazali u praksi, Rhodius je tako\u0111er vode\u0107i inovator na podru\u010dju brusne i rezne tehnike.<\/p><p>\u00a0<\/p><p>Pored klasi\u010dnih<strong> brusnih i reznih plo\u010da<\/strong>, u Rhodius programu nalaze se lamelasti brusni diskovi, stacionarne rezne plo\u010de, dijamantne rezne plo\u010de, fiber diskovi i drugo.<\/p>\t\t\t\t\t\t<\/div>\n\t\t\t\t<\/div>\n\t\t\t\t\t<\/div>\n\t\t<\/div>\n\t\t\t\t<div class=\"elementor-column elementor-col-33 elementor-top-column elementor-element elementor-element-37f2ff5\" data-id=\"37f2ff5\" data-element_type=\"column\">\n\t\t\t<div class=\"elementor-widget-wrap\">\n\t\t\t\t\t\t\t<\/div>\n\t\t<\/div>\n\t\t\t\t\t<\/div>\n\t\t<\/section>\n\t\t\t\t<section class=\"elementor-section elementor-top-section elementor-element elementor-element-07b7659 elementor-full-width content-max-width elementor-section-height-min-height dark-section inherit-header-color elementor-section-height-default elementor-section-items-middle\" data-id=\"07b7659\" data-element_type=\"section\" data-settings=\"{&quot;background_background&quot;:&quot;classic&quot;}\">\n\t\t\t\t\t\t\t<div class=\"elementor-background-overlay\"><\/div>\n\t\t\t\t\t\t\t<div class=\"elementor-container elementor-column-gap-no\">\n\t\t\t\t\t<div class=\"elementor-column elementor-col-33 elementor-top-column elementor-element elementor-element-3c58802\" data-id=\"3c58802\" data-element_type=\"column\" data-settings=\"{&quot;background_background&quot;:&quot;classic&quot;}\">\n\t\t\t<div class=\"elementor-widget-wrap\">\n\t\t\t\t\t\t\t<\/div>\n\t\t<\/div>\n\t\t\t\t<div class=\"elementor-column elementor-col-33 elementor-top-column elementor-element elementor-element-3b22b80\" data-id=\"3b22b80\" data-element_type=\"column\">\n\t\t\t<div class=\"elementor-widget-wrap elementor-element-populated\">\n\t\t\t\t\t\t<div class=\"elementor-element elementor-element-613af9a elementor-widget elementor-widget-spacer\" data-id=\"613af9a\" data-element_type=\"widget\" data-widget_type=\"spacer.default\">\n\t\t\t\t<div class=\"elementor-widget-container\">\n\t\t\t<style>\/*! elementor - v3.22.0 - 26-06-2024 *\/\n.elementor-column .elementor-spacer-inner{height:var(--spacer-size)}.e-con{--container-widget-width:100%}.e-con-inner>.elementor-widget-spacer,.e-con>.elementor-widget-spacer{width:var(--container-widget-width,var(--spacer-size));--align-self:var(--container-widget-align-self,initial);--flex-shrink:0}.e-con-inner>.elementor-widget-spacer>.elementor-widget-container,.e-con>.elementor-widget-spacer>.elementor-widget-container{height:100%;width:100%}.e-con-inner>.elementor-widget-spacer>.elementor-widget-container>.elementor-spacer,.e-con>.elementor-widget-spacer>.elementor-widget-container>.elementor-spacer{height:100%}.e-con-inner>.elementor-widget-spacer>.elementor-widget-container>.elementor-spacer>.elementor-spacer-inner,.e-con>.elementor-widget-spacer>.elementor-widget-container>.elementor-spacer>.elementor-spacer-inner{height:var(--container-widget-height,var(--spacer-size))}.e-con-inner>.elementor-widget-spacer.elementor-widget-empty,.e-con>.elementor-widget-spacer.elementor-widget-empty{position:relative;min-height:22px;min-width:22px}.e-con-inner>.elementor-widget-spacer.elementor-widget-empty .elementor-widget-empty-icon,.e-con>.elementor-widget-spacer.elementor-widget-empty .elementor-widget-empty-icon{position:absolute;top:0;bottom:0;left:0;right:0;margin:auto;padding:0;width:22px;height:22px}<\/style>\t\t<div class=\"elementor-spacer\">\n\t\t\t<div class=\"elementor-spacer-inner\"><\/div>\n\t\t<\/div>\n\t\t\t\t<\/div>\n\t\t\t\t<\/div>\n\t\t\t\t<div class=\"elementor-element elementor-element-3657886 elementor-widget elementor-widget-text-editor\" data-id=\"3657886\" data-element_type=\"widget\" data-widget_type=\"text-editor.default\">\n\t\t\t\t<div class=\"elementor-widget-container\">\n\t\t\t\t\t\t\t<p>Kako bi zadovoljili potrebe i najizbirljivijeg potro\u0161a\u010da, proizvodi Rhodius dolaze u 3 grupe:<\/p><p>\u00a0<\/p><p><strong>ALPHALine<\/strong> &#8211; kvaliteta odnosi se na standardnu kvalitetu za svakodnevu upotrebu uz atraktivan odnos cijene i u\u010dinka.<\/p><p>\u00a0<\/p><p><strong>PROLine<\/strong> &#8211; kvaliteta ozna\u010dava razinu kvalitete koja se ve\u0107inom koristi industriji EU dr\u017eava. Nudi odli\u010dan omjer cijene i u\u010dinka.<\/p><p>\u00a0<\/p><p><strong>TOPLine<\/strong> &#8211; kvaliteta predstavlja proizvode vrhunskih performansi za najte\u017ee operacije i najzahtjevnije korisnike. Optimalan odnos cijene i djelotvornosti.<\/p><p>\u00a0<\/p>\t\t\t\t\t\t<\/div>\n\t\t\t\t<\/div>\n\t\t\t\t\t<\/div>\n\t\t<\/div>\n\t\t\t\t<div class=\"elementor-column elementor-col-33 elementor-top-column elementor-element elementor-element-50d8e18\" data-id=\"50d8e18\" data-element_type=\"column\">\n\t\t\t<div class=\"elementor-widget-wrap\">\n\t\t\t\t\t\t\t<\/div>\n\t\t<\/div>\n\t\t\t\t\t<\/div>\n\t\t<\/section>\n\t\t<div class=\"content-row-elementor elementor-element elementor-element-390b26f dark-section inherit-header-color full_elementor row_padding_left_elementor row_padding_right_elementor e-flex e-con-boxed e-con e-parent\" data-id=\"390b26f\" data-element_type=\"container\">\n\t\t\t\t\t<div class=\"e-con-inner\">\n\t\t<div class=\"content-row-elementor elementor-element elementor-element-13547d6 e-con-full dark-section inherit-header-color full_elementor row_padding_left_elementor row_padding_right_elementor e-flex e-con e-child\" data-id=\"13547d6\" data-element_type=\"container\">\n\t\t\t\t<\/div>\n\t\t<div class=\"content-row-elementor elementor-element elementor-element-a1821d1 e-con-full dark-section inherit-header-color full_elementor row_padding_left_elementor row_padding_right_elementor e-flex e-con e-child\" data-id=\"a1821d1\" data-element_type=\"container\">\n\t\t<div class=\"content-row-elementor elementor-element elementor-element-997eca4 e-con-full dark-section inherit-header-color full_elementor row_padding_left_elementor row_padding_right_elementor e-flex e-con e-child\" data-id=\"997eca4\" data-element_type=\"container\">\n\t\t\t\t<div class=\"elementor-element elementor-element-33861a7 elementor-widget elementor-widget-serano_button_link\" data-id=\"33861a7\" data-element_type=\"widget\" data-widget_type=\"serano_button_link.default\">\n\t\t\t\t<div class=\"elementor-widget-container\">\n\t\t\t<div class=\"button-wrap left large-btn has-animation\" data-delay=\"0\"><div class=\"icon-wrap parallax-wrap\"><div class=\"button-icon parallax-element\"><i class=\"arrow-icon-down\"><\/i><\/div><\/div><a target=\"_blank\" href=\"https:\/\/www.rhodius-abrasives.com\/en\/rhodius-abrasives-service-und-support\/rhodius-abrasives-information-material\"><div class=\"button-text sticky left\"><span data-hover=\"KATALOZI\">KATALOZI<\/span><\/div><\/a><\/div>\t\t<\/div>\n\t\t\t\t<\/div>\n\t\t\t\t<\/div>\n\t\t\t\t<\/div>\n\t\t<div class=\"content-row-elementor elementor-element elementor-element-1e010d5 e-con-full dark-section inherit-header-color full_elementor row_padding_left_elementor row_padding_right_elementor e-flex e-con e-child\" data-id=\"1e010d5\" data-element_type=\"container\">\n\t\t\t\t<\/div>\n\t\t\t\t\t<\/div>\n\t\t\t\t<\/div>\n\t\t<a class=\"content-row-elementor elementor-element elementor-element-ca6c85f dark-section inherit-header-color full_elementor row_padding_left_elementor row_padding_right_elementor e-flex e-con-boxed e-con e-parent\" data-id=\"ca6c85f\" data-element_type=\"container\" href=\"https:\/\/www.rhodius-abrasives.com\/\" target=\"_blank\">\n\t\t\t\t\t<div class=\"e-con-inner\">\n\t\t\t\t<div class=\"elementor-element elementor-element-9017f7e elementor-widget elementor-widget-serano_zoom_gallery\" data-id=\"9017f7e\" data-element_type=\"widget\" data-widget_type=\"serano_zoom_gallery.default\">\n\t\t\t\t<div class=\"elementor-widget-container\">\n\t\t\t<div class=\"zoom-gallery\"><ul class=\"zoom-wrapper-gallery\" data-heightratio=\"0.4\"><li class=\"zoom-center\"><div class=\"zoom-img-wrapper\"><img decoding=\"async\" src=\"https:\/\/new.omg-agency.hr\/wp-content\/uploads\/2025\/01\/Rhodius.png\" alt=\"\" \/><\/div><\/li><\/ul><div class=\"zoom-wrapper-thumb\"><\/div><\/div>\t\t<\/div>\n\t\t\t\t<\/div>\n\t\t\t\t\t<\/div>\n\t\t\t\t<\/a>\n\t\t\t\t<\/div>\n\t\t","protected":false},"excerpt":{"rendered":"<p>IN-VED d.o.o. je ovla\u0161teni zastupnik i distributer Rhodius abrazivnih proizvoda za podru\u010dje Hrvatske, Bosne i Hercegovine i Srbije. \u00a0 Rhodius je jedan od vode\u0107ih svjetskih proizvo\u0111a\u010da reznih i brusnih plo\u010da, ujedno i suosniva\u010d Organizacije za [&hellip;]<\/p>\n","protected":false},"author":1,"featured_media":0,"parent":0,"menu_order":0,"comment_status":"closed","ping_status":"closed","template":"","meta":{"footnotes":""},"class_list":["post-3960","page","type-page","status-publish","hentry"],"_links":{"self":[{"href":"https:\/\/new.omg-agency.hr\/index.php?rest_route=\/wp\/v2\/pages\/3960","targetHints":{"allow":["GET"]}}],"collection":[{"href":"https:\/\/new.omg-agency.hr\/index.php?rest_route=\/wp\/v2\/pages"}],"about":[{"href":"https:\/\/new.omg-agency.hr\/index.php?rest_route=\/wp\/v2\/types\/page"}],"author":[{"embeddable":true,"href":"https:\/\/new.omg-agency.hr\/index.php?rest_route=\/wp\/v2\/users\/1"}],"replies":[{"embeddable":true,"href":"https:\/\/new.omg-agency.hr\/index.php?rest_route=%2Fwp%2Fv2%2Fcomments&post=3960"}],"version-history":[{"count":109,"href":"https:\/\/new.omg-agency.hr\/index.php?rest_route=\/wp\/v2\/pages\/3960\/revisions"}],"predecessor-version":[{"id":4090,"href":"https:\/\/new.omg-agency.hr\/index.php?rest_route=\/wp\/v2\/pages\/3960\/revisions\/4090"}],"wp:attachment":[{"href":"https:\/\/new.omg-agency.hr\/index.php?rest_route=%2Fwp%2Fv2%2Fmedia&parent=3960"}],"curies":[{"name":"wp","href":"https:\/\/api.w.org\/{rel}","templated":true}]}}