{"id":2564,"date":"2023-08-08T07:51:57","date_gmt":"2023-08-08T07:51:57","guid":{"rendered":"http:\/\/serano.clapat-themes.com\/?page_id=2564"},"modified":"2025-01-30T11:21:30","modified_gmt":"2025-01-30T11:21:30","slug":"pocetna","status":"publish","type":"page","link":"https:\/\/new.omg-agency.hr\/","title":{"rendered":"Po\u010detna"},"content":{"rendered":"\t\t<div data-elementor-type=\"wp-page\" data-elementor-id=\"2564\" class=\"elementor elementor-2564\">\n\t\t\t\t\t\t<section class=\"elementor-section elementor-top-section elementor-element elementor-element-4005b381 dark-section elementor-full-width content-max-width text-align-center inherit-header-color elementor-section-height-default elementor-section-height-default\" data-id=\"4005b381\" data-element_type=\"section\" data-settings=\"{&quot;background_background&quot;:&quot;classic&quot;}\">\n\t\t\t\t\t\t<div class=\"elementor-container elementor-column-gap-no\">\n\t\t\t\t\t<div class=\"elementor-column elementor-col-100 elementor-top-column elementor-element elementor-element-1744ed03\" data-id=\"1744ed03\" data-element_type=\"column\">\n\t\t\t<div class=\"elementor-widget-wrap elementor-element-populated\">\n\t\t\t\t\t\t<div class=\"elementor-element elementor-element-dd776fe elementor-widget elementor-widget-serano_moving_title\" data-id=\"dd776fe\" data-element_type=\"widget\" data-widget_type=\"serano_moving_title.default\">\n\t\t\t\t<div class=\"elementor-widget-container\">\n\t\t\t<div class=\"title-moving-outer\"><h1 class=\"big-title title-moving-forward\"><font size=\"6\">   | <a href=\"https:\/\/new.omg-agency.hr\/?page_id=3960\">BRUSNE I REZNE PLO\u010cE  | <a href=\"https:\/\/new.omg-agency.hr\/?page_id=4071\">SVRDLA  | <a href=\"https:\/\/new.omg-agency.hr\/?page_id=4135\">VIJ\u010cANA ROBA  | <\/font> <\/h1><\/div>\t\t<\/div>\n\t\t\t\t<\/div>\n\t\t\t\t\t<\/div>\n\t\t<\/div>\n\t\t\t\t\t<\/div>\n\t\t<\/section>\n\t\t<div class=\"content-row-elementor elementor-element elementor-element-0a863a9 light-section row_padding_top_elementor row_padding_bottom_elementor inherit-header-color full_elementor row_padding_left_elementor row_padding_right_elementor e-flex e-con-boxed e-con e-parent\" data-id=\"0a863a9\" data-element_type=\"container\" data-settings=\"{&quot;background_background&quot;:&quot;classic&quot;}\">\n\t\t\t\t\t<div class=\"e-con-inner\">\n\t\t<div class=\"content-row-elementor elementor-element elementor-element-b913cc3 e-con-full dark-section inherit-header-color full_elementor row_padding_left_elementor row_padding_right_elementor e-flex e-con e-child\" data-id=\"b913cc3\" data-element_type=\"container\">\n\t\t\t\t<\/div>\n\t\t<div class=\"content-row-elementor elementor-element elementor-element-19f8835 e-con-full dark-section inherit-header-color full_elementor row_padding_left_elementor row_padding_right_elementor e-flex e-con e-child\" data-id=\"19f8835\" data-element_type=\"container\">\n\t\t\t\t<div class=\"elementor-element elementor-element-0479008 elementor-widget elementor-widget-text-editor\" data-id=\"0479008\" data-element_type=\"widget\" data-widget_type=\"text-editor.default\">\n\t\t\t\t<div class=\"elementor-widget-container\">\n\t\t\t<style>\/*! elementor - v3.22.0 - 26-06-2024 *\/\n.elementor-widget-text-editor.elementor-drop-cap-view-stacked .elementor-drop-cap{background-color:#69727d;color:#fff}.elementor-widget-text-editor.elementor-drop-cap-view-framed .elementor-drop-cap{color:#69727d;border:3px solid;background-color:transparent}.elementor-widget-text-editor:not(.elementor-drop-cap-view-default) .elementor-drop-cap{margin-top:8px}.elementor-widget-text-editor:not(.elementor-drop-cap-view-default) .elementor-drop-cap-letter{width:1em;height:1em}.elementor-widget-text-editor .elementor-drop-cap{float:left;text-align:center;line-height:1;font-size:50px}.elementor-widget-text-editor .elementor-drop-cap-letter{display:inline-block}<\/style>\t\t\t\t<p>Temelj poslovanja na\u0161eg poduze\u0107a je uvoz i veleprodaja isklju\u010divo kvalitetnih alata i spojnih elemenata. Uz program vij\u010dane robe, nudimo i <strong>RHODIUS<\/strong> brusne i rezne alate, <strong>BOHRCRAFT<\/strong> profesionalna svrdla za koje imamo ekskluzivna prava na distribuciju i prodaju.<\/p><p>\u00a0<\/p><p>Sura\u0111ujemo sa tvrtkama poput <strong>HERMES GmbH<\/strong>, pri\u010dvrsni sistemi <strong>INDEX<\/strong>, te radimo i sa mnogim drugim renomiranim tvrtkama.<\/p><p>\u00a0<\/p><p>Proizvodi iz na\u0161eg prodajnog asortimana testirani su po najstro\u017eim europskim standardima za kvalitetu, sigurnost i za\u0161titu. Za vij\u010danu robu, spojne elemente i zatezna sidra to su ve\u0107inom<strong> ETA, CE, ISO TUV certifikati<\/strong>, dok kod brusnih (abrazivnih) materijala najve\u0107u va\u017enost ima oznaka oSa.<\/p>\t\t\t\t\t\t<\/div>\n\t\t\t\t<\/div>\n\t\t\t\t<\/div>\n\t\t<div class=\"content-row-elementor elementor-element elementor-element-bfbee63 e-con-full dark-section inherit-header-color full_elementor row_padding_left_elementor row_padding_right_elementor e-flex e-con e-child\" data-id=\"bfbee63\" data-element_type=\"container\">\n\t\t\t\t<\/div>\n\t\t\t\t\t<\/div>\n\t\t\t\t<\/div>\n\t\t\t\t<section class=\"elementor-section elementor-top-section elementor-element elementor-element-5af113b row_padding_top light-section inherit-header-color elementor-default-width content-max-width elementor-section-height-default elementor-section-height-default\" data-id=\"5af113b\" data-element_type=\"section\" data-settings=\"{&quot;background_background&quot;:&quot;classic&quot;}\">\n\t\t\t\t\t\t<div class=\"elementor-container elementor-column-gap-no\">\n\t\t\t\t\t<div class=\"elementor-column elementor-col-100 elementor-top-column elementor-element elementor-element-c02dd5f\" data-id=\"c02dd5f\" data-element_type=\"column\">\n\t\t\t<div class=\"elementor-widget-wrap elementor-element-populated\">\n\t\t\t\t\t\t<div class=\"elementor-element elementor-element-65f6f6c elementor-widget elementor-widget-heading\" data-id=\"65f6f6c\" data-element_type=\"widget\" data-widget_type=\"heading.default\">\n\t\t\t\t<div class=\"elementor-widget-container\">\n\t\t\t<style>\/*! elementor - v3.22.0 - 26-06-2024 *\/\n.elementor-heading-title{padding:0;margin:0;line-height:1}.elementor-widget-heading .elementor-heading-title[class*=elementor-size-]>a{color:inherit;font-size:inherit;line-height:inherit}.elementor-widget-heading .elementor-heading-title.elementor-size-small{font-size:15px}.elementor-widget-heading .elementor-heading-title.elementor-size-medium{font-size:19px}.elementor-widget-heading .elementor-heading-title.elementor-size-large{font-size:29px}.elementor-widget-heading .elementor-heading-title.elementor-size-xl{font-size:39px}.elementor-widget-heading .elementor-heading-title.elementor-size-xxl{font-size:59px}<\/style><h2 class=\"elementor-heading-title elementor-size-default\">Partneri<\/h2>\t\t<\/div>\n\t\t\t\t<\/div>\n\t\t\t\t<div class=\"elementor-element elementor-element-208e7f8 elementor-widget elementor-widget-spacer\" data-id=\"208e7f8\" data-element_type=\"widget\" data-widget_type=\"spacer.default\">\n\t\t\t\t<div class=\"elementor-widget-container\">\n\t\t\t<style>\/*! elementor - v3.22.0 - 26-06-2024 *\/\n.elementor-column .elementor-spacer-inner{height:var(--spacer-size)}.e-con{--container-widget-width:100%}.e-con-inner>.elementor-widget-spacer,.e-con>.elementor-widget-spacer{width:var(--container-widget-width,var(--spacer-size));--align-self:var(--container-widget-align-self,initial);--flex-shrink:0}.e-con-inner>.elementor-widget-spacer>.elementor-widget-container,.e-con>.elementor-widget-spacer>.elementor-widget-container{height:100%;width:100%}.e-con-inner>.elementor-widget-spacer>.elementor-widget-container>.elementor-spacer,.e-con>.elementor-widget-spacer>.elementor-widget-container>.elementor-spacer{height:100%}.e-con-inner>.elementor-widget-spacer>.elementor-widget-container>.elementor-spacer>.elementor-spacer-inner,.e-con>.elementor-widget-spacer>.elementor-widget-container>.elementor-spacer>.elementor-spacer-inner{height:var(--container-widget-height,var(--spacer-size))}.e-con-inner>.elementor-widget-spacer.elementor-widget-empty,.e-con>.elementor-widget-spacer.elementor-widget-empty{position:relative;min-height:22px;min-width:22px}.e-con-inner>.elementor-widget-spacer.elementor-widget-empty .elementor-widget-empty-icon,.e-con>.elementor-widget-spacer.elementor-widget-empty .elementor-widget-empty-icon{position:absolute;top:0;bottom:0;left:0;right:0;margin:auto;padding:0;width:22px;height:22px}<\/style>\t\t<div class=\"elementor-spacer\">\n\t\t\t<div class=\"elementor-spacer-inner\"><\/div>\n\t\t<\/div>\n\t\t\t\t<\/div>\n\t\t\t\t<\/div>\n\t\t\t\t<div class=\"elementor-element elementor-element-cec4d0a elementor-widget elementor-widget-serano_clients_table\" data-id=\"cec4d0a\" data-element_type=\"widget\" data-widget_type=\"serano_clients_table.default\">\n\t\t\t\t<div class=\"elementor-widget-container\">\n\t\t\t<ul class=\"clients-table has-animation no-borders\" data-delay=\"10\"><li class=\"link\"><a target=\"_blank\" href=\"https:\/\/www.rhodius-abrasives.com\/en\/\"><img decoding=\"async\" src=\"https:\/\/new.omg-agency.hr\/wp-content\/uploads\/2025\/01\/Rhodius_logo.png\" alt=\"client image\" \/><\/a><\/li><li class=\"link\"><a target=\"_blank\" href=\"https:\/\/www.bohrcraft.de\/\"><img decoding=\"async\" src=\"https:\/\/new.omg-agency.hr\/wp-content\/uploads\/2025\/01\/Bohrcraft.png\" alt=\"client image\" \/><\/a><\/li><li class=\"link\"><a target=\"_blank\" href=\"https:\/\/www.indexfix.com\/\"><img decoding=\"async\" src=\"https:\/\/new.omg-agency.hr\/wp-content\/uploads\/2025\/01\/Index_logo.png\" alt=\"client image\" \/><\/a><\/li><li class=\"link\"><a target=\"_blank\" href=\"https:\/\/www.hermesworld.com\/\"><img decoding=\"async\" src=\"https:\/\/new.omg-agency.hr\/wp-content\/uploads\/2025\/01\/Index_logo-2.png\" alt=\"client image\" \/><\/a><\/li><\/ul>\t\t<\/div>\n\t\t\t\t<\/div>\n\t\t\t\t<div class=\"elementor-element elementor-element-61c0827 elementor-widget elementor-widget-spacer\" data-id=\"61c0827\" data-element_type=\"widget\" data-widget_type=\"spacer.default\">\n\t\t\t\t<div class=\"elementor-widget-container\">\n\t\t\t\t\t<div class=\"elementor-spacer\">\n\t\t\t<div class=\"elementor-spacer-inner\"><\/div>\n\t\t<\/div>\n\t\t\t\t<\/div>\n\t\t\t\t<\/div>\n\t\t\t\t\t<\/div>\n\t\t<\/div>\n\t\t\t\t\t<\/div>\n\t\t<\/section>\n\t\t\t\t<\/div>\n\t\t","protected":false},"excerpt":{"rendered":"<p>| BRUSNE I REZNE PLO\u010cE | SVRDLA | VIJ\u010cANA ROBA | Temelj poslovanja na\u0161eg poduze\u0107a je uvoz i veleprodaja isklju\u010divo kvalitetnih alata i spojnih elemenata. Uz program vij\u010dane robe, nudimo i RHODIUS brusne i rezne [&hellip;]<\/p>\n","protected":false},"author":1,"featured_media":0,"parent":0,"menu_order":0,"comment_status":"closed","ping_status":"closed","template":"","meta":{"footnotes":""},"class_list":["post-2564","page","type-page","status-publish","hentry"],"_links":{"self":[{"href":"https:\/\/new.omg-agency.hr\/index.php?rest_route=\/wp\/v2\/pages\/2564","targetHints":{"allow":["GET"]}}],"collection":[{"href":"https:\/\/new.omg-agency.hr\/index.php?rest_route=\/wp\/v2\/pages"}],"about":[{"href":"https:\/\/new.omg-agency.hr\/index.php?rest_route=\/wp\/v2\/types\/page"}],"author":[{"embeddable":true,"href":"https:\/\/new.omg-agency.hr\/index.php?rest_route=\/wp\/v2\/users\/1"}],"replies":[{"embeddable":true,"href":"https:\/\/new.omg-agency.hr\/index.php?rest_route=%2Fwp%2Fv2%2Fcomments&post=2564"}],"version-history":[{"count":523,"href":"https:\/\/new.omg-agency.hr\/index.php?rest_route=\/wp\/v2\/pages\/2564\/revisions"}],"predecessor-version":[{"id":4224,"href":"https:\/\/new.omg-agency.hr\/index.php?rest_route=\/wp\/v2\/pages\/2564\/revisions\/4224"}],"wp:attachment":[{"href":"https:\/\/new.omg-agency.hr\/index.php?rest_route=%2Fwp%2Fv2%2Fmedia&parent=2564"}],"curies":[{"name":"wp","href":"https:\/\/api.w.org\/{rel}","templated":true}]}}